{"id":3,"date":"2023-10-11T18:00:04","date_gmt":"2023-10-11T16:00:04","guid":{"rendered":"https:\/\/www.spat.fr\/?page_id=3"},"modified":"2023-11-30T22:25:17","modified_gmt":"2023-11-30T21:25:17","slug":"politique-de-confidentialite","status":"publish","type":"page","link":"https:\/\/www.spat.fr\/en\/politique-de-confidentialite\/","title":{"rendered":"Politique de confidentialit\u00e9"},"content":{"rendered":"<p>La SPAT s\u2019engage \u00e0 ce que la collecte et le traitement de vos donn\u00e9es effectu\u00e9s \u00e0 partir du site www.spat.fr, soient conformes au r\u00e8glement g\u00e9n\u00e9ral sur la protection des donn\u00e9es (RGPD) et \u00e0 la loi Informatique et Libert\u00e9s.<br><br>Les donn\u00e9es personnelles recueillies dans le cadre des services propos\u00e9es sur www.spat.fr sont trait\u00e9es selon des protocoles s\u00e9curis\u00e9s et permette \u00e0 la SPAT de g\u00e9rer les demandes re\u00e7ues dans ses applications informatiques.<br><br>Pour consulter vos droits Informatique et Libert\u00e9s cliquez ici&nbsp;<a href=\"https:\/\/www.cnil.fr\/fr\/les-droits-pour-maitriser-vos-donnees-personnelles\" target=\"_blank\" rel=\"noreferrer noopener\">https:\/\/www.cnil.fr\/fr\/les-droits-pour-maitriser-vos-donnees-personnelles<\/a>.<\/p>\n\n\n\n<p>Pour toute information ou exercice de vos droits Informatique et Libert\u00e9s sur les traitements de donn\u00e9es personnelles g\u00e9r\u00e9s par la SPAT, vous pouvez contacter son d\u00e9l\u00e9gu\u00e9 \u00e0 la protection des donn\u00e9es (DPO) :<\/p>\n\n\n\n<ul class=\"wp-block-list\">\n<li>Par ce mail :&nbsp;<a href=\"mailto:rgpd@spat.fr\">rgpd@spat.fr<\/a><\/li>\n\n\n\n<li>Ou par courrier : \u00e0 l\u2019adresse suivante :<br>SPAT<br>A l\u2019attention du d\u00e9l\u00e9gu\u00e9 \u00e0 la protection des donn\u00e9es (DPO)<br>233, rue de la Croix Nivert, B\u00e2t. 10<br>75015 Paris<\/li>\n<\/ul>\n\n\n\n<p><\/p>\n\n\n\n<h2 class=\"wp-block-heading\">Analyse du trafic<\/h2>\n\n\n\n<p>Ce site utilise Google Analytics, un service d\u2019analyse du trafic de site internet fourni par Google Inc. (\u00ab Google \u00bb). Google Analytics utilise des cookies, qui sont des fichiers textes h\u00e9berg\u00e9s sur votre ordinateur, pour aider le site internet \u00e0 analyser l\u2019utilisation du site par ses utilisateurs. <\/p>\n\n\n\n<p>Les donn\u00e9es g\u00e9n\u00e9r\u00e9es par les cookies concernant votre utilisation du site (y compris votre adresse IP) sont transmises et stock\u00e9es par Google sur des serveurs situ\u00e9s aux Etats-Unis. Google utilise ces information dans le but d\u2019\u00e9valuer l\u2019utilisation du site par ses visiteurs, de compiler des rapports sur l\u2019activit\u00e9 du site \u00e0 destination de son \u00e9diteur et de fournir d\u2019autres services relatifs \u00e0 l\u2019activit\u00e9 du site et \u00e0 l\u2019utilisation d\u2019Internet. Google est susceptible de communiquer ces donn\u00e9es \u00e0 des tiers en cas d\u2019obligation l\u00e9gale ou lorsque ces tiers traitent ces donn\u00e9es pour le compte de Google, y compris notamment l\u2019\u00e9diteur de ce site. Google s\u2019engage \u00e0 ne jamais recouper votre adresse IP avec toute autre donn\u00e9e d\u00e9tenue par Google. Vous pouvez d\u00e9sactiver l\u2019utilisation de cookies en s\u00e9lectionnant les param\u00e8tres appropri\u00e9s de votre navigateur. Cependant, une telle d\u00e9sactivation pourrait emp\u00eacher l\u2019utilisation de certaines fonctionnalit\u00e9s de ce site. En utilisant ce site Web, vous acceptez que Google traite des donn\u00e9es vous concernant de la mani\u00e8re et aux fins d\u00e9crites ci-dessus.<br><br>Lien vers les r\u00e8gles de confidentialit\u00e9 de Google :\u00a0<a href=\"http:\/\/www.google.com\/intl\/fr\/policies\/privacy\/\">http:\/\/www.google.com\/intl\/fr\/policies\/privacy\/<\/a><\/p>","protected":false},"excerpt":{"rendered":"<p>La SPAT s\u2019engage \u00e0 ce que la collecte et le traitement de vos donn\u00e9es effectu\u00e9s \u00e0 partir du site www.spat.fr, soient conformes au r\u00e8glement g\u00e9n\u00e9ral sur la protection des donn\u00e9es (RGPD) et \u00e0 la loi Informatique et Libert\u00e9s. Les donn\u00e9es personnelles recueillies dans le cadre des services propos\u00e9es sur www.spat.fr sont trait\u00e9es selon des protocoles [&hellip;]<\/p>\n","protected":false},"author":1,"featured_media":7060,"parent":0,"menu_order":0,"comment_status":"closed","ping_status":"open","template":"","meta":{"_acf_changed":false,"footnotes":""},"class_list":["post-3","page","type-page","status-publish","has-post-thumbnail","hentry"],"acf":[],"aioseo_notices":[],"_links":{"self":[{"href":"https:\/\/www.spat.fr\/en\/wp-json\/wp\/v2\/pages\/3","targetHints":{"allow":["GET"]}}],"collection":[{"href":"https:\/\/www.spat.fr\/en\/wp-json\/wp\/v2\/pages"}],"about":[{"href":"https:\/\/www.spat.fr\/en\/wp-json\/wp\/v2\/types\/page"}],"author":[{"embeddable":true,"href":"https:\/\/www.spat.fr\/en\/wp-json\/wp\/v2\/users\/1"}],"replies":[{"embeddable":true,"href":"https:\/\/www.spat.fr\/en\/wp-json\/wp\/v2\/comments?post=3"}],"version-history":[{"count":9,"href":"https:\/\/www.spat.fr\/en\/wp-json\/wp\/v2\/pages\/3\/revisions"}],"predecessor-version":[{"id":7401,"href":"https:\/\/www.spat.fr\/en\/wp-json\/wp\/v2\/pages\/3\/revisions\/7401"}],"wp:featuredmedia":[{"embeddable":true,"href":"https:\/\/www.spat.fr\/en\/wp-json\/wp\/v2\/media\/7060"}],"wp:attachment":[{"href":"https:\/\/www.spat.fr\/en\/wp-json\/wp\/v2\/media?parent=3"}],"curies":[{"name":"wp","href":"https:\/\/api.w.org\/{rel}","templated":true}]}}