{"id":7449,"date":"2023-12-05T09:30:12","date_gmt":"2023-12-05T08:30:12","guid":{"rendered":"https:\/\/www.spat.fr\/?page_id=7449"},"modified":"2023-12-05T09:39:58","modified_gmt":"2023-12-05T08:39:58","slug":"control-room-services","status":"publish","type":"page","link":"https:\/\/www.spat.fr\/en\/control-room-services\/","title":{"rendered":"R\u00e9gie technique et logistique &#038; gestion des exposants"},"content":{"rendered":"<h2 class=\"wp-block-heading\">Technical &amp; logistic support<\/h2>\n\n\n\n<p>You organise a trade show \u2013 We assist you with all or part of our technical &amp; logistic support offering. With nearly 40 years of experience in turnkey trade show organisation, we make available to your company our experience, methods and processes, IT tools, and qualified staff.<\/p>\n\n\n\n<div style=\"height:50px\" aria-hidden=\"true\" class=\"wp-block-spacer\"><\/div>\n\n\n\n<h2 class=\"wp-block-heading\">Our assets<\/h2>\n\n\n\n<ul class=\"wp-block-list\">\n<li>40 years\u2019 experience and reputation.<\/li>\n\n\n\n<li>Exhibitor service in your image.<\/li>\n\n\n\n<li>Command of all exhibition trades.<\/li>\n\n\n\n<li>Command of all exhibition venues in terms of:\n<ul class=\"wp-block-list\">\n<li>specific requirements;<\/li>\n\n\n\n<li>specific safety requirements;<\/li>\n\n\n\n<li>and venue floor plans.<\/li>\n<\/ul>\n<\/li>\n\n\n\n<li>Command of all suppliers to the trade show.<\/li>\n\n\n\n<li>A comprehensive team, from technical manager to field support technicians.<\/li>\n\n\n\n<li>Smile, dedication, professionalism and process accuracy form the cornerstone of our reputation.<\/li>\n\n\n\n<li>Your best asset for building client loyalty.<br><\/li>\n<\/ul>\n\n\n\n<div style=\"height:50px\" aria-hidden=\"true\" class=\"wp-block-spacer\"><\/div>\n\n\n\n<h2 class=\"wp-block-heading\">Our offer<\/h2>\n\n\n\n<ul class=\"wp-block-list\">\n<li>Adjustment to your needs with a full or partial offering.<\/li>\n\n\n\n<li>Coordination meeting and safety meetings.<\/li>\n\n\n\n<li>Technical meetings with venue and suppliers.<\/li>\n\n\n\n<li>Subcontractor management and coordination.<\/li>\n\n\n\n<li>Integrative and reactive CAM\/CAD service.<\/li>\n\n\n\n<li>Inventory of fixtures on move-in\/move-out.<\/li>\n\n\n\n<li>Ongoing support to planner and exhibitors before, during, and after the event.<\/li>\n\n\n\n<li>On-site technical management and service to exhibitors.<\/li>\n\n\n\n<li>Technicians on duty 7\/7.<\/li>\n\n\n\n<li>Experienced technician team for 100% service.<\/li>\n<\/ul>\n\n\n\n<p><\/p>\n\n\n\n<div style=\"height:50px\" aria-hidden=\"true\" class=\"wp-block-spacer\"><\/div>\n\n\n\n<h2 class=\"wp-block-heading\">Planners: offer your exhibitors a technical platform in your own image!<\/h2>\n\n\n\n<p><strong>Organisateur, offrez \u00e0 vos exposants une plateforme technique \u00e0 votre image, performante et r\u00e9mun\u00e9ratrice.<\/strong><\/p>\n\n\n\n<p>ON LINE + OFF LINE + ON SITE Our full service platform includes an online access together with an offline hotline service and finally an on site service.<\/p>\n\n\n\n<p><\/p>\n\n\n\n<h4 class=\"wp-block-heading\">On line<\/h4>\n\n\n\n<ul class=\"wp-block-list\">\n<li>Availability of an intuitive, easy-to-use web interface for each exhibitor.<\/li>\n\n\n\n<li>The platform, which is hosted in our servers and administered by us, can be individualised in your image (your logo, corporate style, colours etc.).<\/li>\n\n\n\n<li>Via the platform:\n<ul class=\"wp-block-list\">\n<li>Preparation of exhibitor\u2019s participation; full construction of exhibitor\u2019s stand; on-line equipment ordering;<\/li>\n\n\n\n<li>Downloading of the exhibitor\u2019s technical pack;<\/li>\n\n\n\n<li>Badge ordering; venue services; cleaning; signage; furniture; flower decoration; audio, video and IT hardware and services; exhibitor\u2019s content in the exhibition catalogue; etc.<\/li>\n<\/ul>\n<\/li>\n<\/ul>\n\n\n\n<p><\/p>\n\n\n\n<h4 class=\"wp-block-heading\">Off line<\/h4>\n\n\n\n<ul class=\"wp-block-list\">\n<li>Ongoing individualised phone assistance to exhibitors.<\/li>\n\n\n\n<li>Advice in stand design so as ensure consistent stand layout.<\/li>\n\n\n\n<li>One single contact person for all exhibitors\u2019 orders, including those related to the venue.<\/li>\n\n\n\n<li>Anticipation and checking of exhibitors\u2019 order forms.<\/li>\n\n\n\n<li>Management of a product catalogue, and service provider coordination.<br><br><\/li>\n<\/ul>\n\n\n\n<h4 class=\"wp-block-heading\">On site<\/h4>\n\n\n\n<ul class=\"wp-block-list\">\n<li>On-site presence of our teams during fitting and removal.<\/li>\n\n\n\n<li>Reception of exhibitors, and assistance to exhibitors within the exhibition.<\/li>\n\n\n\n<li>Delivery and installation plan management.<\/li>\n\n\n\n<li>Management of exhibitors\u2019 last-minute requests.<br><br><\/li>\n<\/ul>","protected":false},"excerpt":{"rendered":"<p>Votre r\u00e9gie technique et logistique Nous organisons pour vous et avec vous tout ou partie de votre prochain salon, vous \u00eates le Ma\u00eetre d\u2019\u0153uvre, nous sommes les Ma\u00eetres d\u2019ouvrage, votre prestataire \u00ab\u00a0sur mesure\u00a0\u00bb. Toutes les prestations techniques et logistiques \u00e0 la carte pour vos : salons \/ expositions \/ congr\u00e8s \/ conventions.\u00a0Un interlocuteur unique : [&hellip;]<\/p>\n","protected":false},"author":1,"featured_media":405,"parent":0,"menu_order":0,"comment_status":"closed","ping_status":"closed","template":"","meta":{"_acf_changed":false,"footnotes":""},"class_list":["post-7449","page","type-page","status-publish","has-post-thumbnail","hentry"],"acf":[],"aioseo_notices":[],"_links":{"self":[{"href":"https:\/\/www.spat.fr\/en\/wp-json\/wp\/v2\/pages\/7449","targetHints":{"allow":["GET"]}}],"collection":[{"href":"https:\/\/www.spat.fr\/en\/wp-json\/wp\/v2\/pages"}],"about":[{"href":"https:\/\/www.spat.fr\/en\/wp-json\/wp\/v2\/types\/page"}],"author":[{"embeddable":true,"href":"https:\/\/www.spat.fr\/en\/wp-json\/wp\/v2\/users\/1"}],"replies":[{"embeddable":true,"href":"https:\/\/www.spat.fr\/en\/wp-json\/wp\/v2\/comments?post=7449"}],"version-history":[{"count":8,"href":"https:\/\/www.spat.fr\/en\/wp-json\/wp\/v2\/pages\/7449\/revisions"}],"predecessor-version":[{"id":7461,"href":"https:\/\/www.spat.fr\/en\/wp-json\/wp\/v2\/pages\/7449\/revisions\/7461"}],"wp:featuredmedia":[{"embeddable":true,"href":"https:\/\/www.spat.fr\/en\/wp-json\/wp\/v2\/media\/405"}],"wp:attachment":[{"href":"https:\/\/www.spat.fr\/en\/wp-json\/wp\/v2\/media?parent=7449"}],"curies":[{"name":"wp","href":"https:\/\/api.w.org\/{rel}","templated":true}]}}