{"id":7465,"date":"2023-12-05T09:54:16","date_gmt":"2023-12-05T08:54:16","guid":{"rendered":"https:\/\/www.spat.fr\/?page_id=7465"},"modified":"2023-12-07T14:58:23","modified_gmt":"2023-12-07T13:58:23","slug":"general-show-installation","status":"publish","type":"page","link":"https:\/\/www.spat.fr\/en\/general-show-installation\/","title":{"rendered":"General show installation"},"content":{"rendered":"<p>We organise all or part of your next show for and with you. You are the Project Owner; we are the Project Manager, your \u201ctailor-made\u201d service provider.<\/p>\n\n\n\n<h2 class=\"wp-block-heading\">Architecture and general installation of your show: a business<\/h2>\n\n\n\n<p>Based on over 40 years\u2019 experience both in trade shows and in exhibitions, SPAT Group\u2019s teams will meet your deadlines, keep to your budget, and ensure lower prices and uninterrupted support before, during and after the event, both to yourselves and your exhibitors.<\/p>\n\n\n\n<p>From 100 to 10,000sq.m, a general installation managed by the SPAT Group means for you:\nA triple guarantee of results, deadline meeting and budget control.<\/p>\n\n\n\n<p><\/p>\n\n\n\n<h3 class=\"wp-block-heading\">Stand technology <\/h3>\n\n\n\n<p>We offer a wide range of structures, whether modular (aluminium structure with wooden panels) or traditional (cotton-covered plywood partition), banking on various stocks for a suitable offering (see Exhibition Stands page). We also offer des mini-stands for small exhibitions and fully equipped package stands on a turnkey basis.<\/p>\n\n\n\n<h3 class=\"wp-block-heading\">Power, weak currents and networks<\/h3>\n\n\n\n<p>Our dedicated Utilities team (strong and weak currents) will perform any type of electric, telephone, Internet installation and distribution under maximum safety and comfort conditions.\n\nWe also install wireless networks, WiFi, and any types of intercom systems<\/p>\n\n\n\n<h3 class=\"wp-block-heading\">Prices<\/h3>\n\n\n\n<p>Our prices are the lowest in the market: through our annual potential of a large number of shows we can get the most favourable prices for structures, carpeting, and any other ancillary equipment. Whatever the surface area of your exhibition, you will be granted our annually negotiated rates.<\/p>\n\n\n\n<h3 class=\"wp-block-heading\">La garantie de \u00ab\u00a0bonne fin\u00a0\u00bb et de respect du d\u00e9lai<\/h3>\n\n\n\n<p>As a \u201cwholesaler\u201d we use on a supplemental basis the stocks of various installers, which prevents us from running out of stock or being exposed to a strike.<\/p>\n\n\n\n<h3 class=\"wp-block-heading\">Uninterrupted support<\/h3>\n\n\n\n<p>Our uninterrupted support to yourselves, your teams, the venue and your exhibitors before, during and after the show is quite legendary.\nOur multilingual teams will be your permanent interface and will take any technical concern from your shoulders.\nOur best endorsers are our clients!<\/p>\n\n\n\n<h3 class=\"wp-block-heading\">We provide in particular:<\/h3>\n\n\n\n<ul class=\"wp-block-list\">\n<li>Our Engineering Department in the early stages of show architecture designing and mapping, allowing for traffic flow control and exhibitor\/visitor comfort requirements;<\/li>\n\n\n\n<li>Our Customisation Department for selecting stand style, colours, materials and carpeting ideally suited to your event;<\/li>\n\n\n\n<li class=\" translation-block\">Our Technical Services &amp; Logistics to understand any power supply, lighting and signage requirements.<\/li>\n<\/ul>\n\n\n\n<p>Thus, we can design stand areas, common areas, reception desk areas, rest rooms, exhibition management, and VIP Club.<\/p>","protected":false},"excerpt":{"rendered":"<p>Nous organisons pour vous et avec vous tout ou partie de votre prochain salon, vous \u00eates le Ma\u00eetre d\u2019\u0153uvre, nous sommes les Ma\u00eetres d\u2019ouvrage, votre prestataire \u00ab sur mesure \u00bb. L\u2019architecture et l\u2019installation g\u00e9n\u00e9rale de votre salon : un m\u00e9tier Forts de 40 ans d\u2019exp\u00e9rience tant dans les salons professionnels que dans les salons grand [&hellip;]<\/p>\n","protected":false},"author":1,"featured_media":7083,"parent":0,"menu_order":0,"comment_status":"closed","ping_status":"closed","template":"","meta":{"_acf_changed":false,"footnotes":""},"class_list":["post-7465","page","type-page","status-publish","has-post-thumbnail","hentry"],"acf":[],"aioseo_notices":[],"_links":{"self":[{"href":"https:\/\/www.spat.fr\/en\/wp-json\/wp\/v2\/pages\/7465","targetHints":{"allow":["GET"]}}],"collection":[{"href":"https:\/\/www.spat.fr\/en\/wp-json\/wp\/v2\/pages"}],"about":[{"href":"https:\/\/www.spat.fr\/en\/wp-json\/wp\/v2\/types\/page"}],"author":[{"embeddable":true,"href":"https:\/\/www.spat.fr\/en\/wp-json\/wp\/v2\/users\/1"}],"replies":[{"embeddable":true,"href":"https:\/\/www.spat.fr\/en\/wp-json\/wp\/v2\/comments?post=7465"}],"version-history":[{"count":2,"href":"https:\/\/www.spat.fr\/en\/wp-json\/wp\/v2\/pages\/7465\/revisions"}],"predecessor-version":[{"id":7467,"href":"https:\/\/www.spat.fr\/en\/wp-json\/wp\/v2\/pages\/7465\/revisions\/7467"}],"wp:featuredmedia":[{"embeddable":true,"href":"https:\/\/www.spat.fr\/en\/wp-json\/wp\/v2\/media\/7083"}],"wp:attachment":[{"href":"https:\/\/www.spat.fr\/en\/wp-json\/wp\/v2\/media?parent=7465"}],"curies":[{"name":"wp","href":"https:\/\/api.w.org\/{rel}","templated":true}]}}