{"id":7468,"date":"2023-12-05T09:57:25","date_gmt":"2023-12-05T08:57:25","guid":{"rendered":"https:\/\/www.spat.fr\/?page_id=7468"},"modified":"2023-12-05T09:58:03","modified_gmt":"2023-12-05T08:58:03","slug":"print-and-web-design","status":"publish","type":"page","link":"https:\/\/www.spat.fr\/en\/print-and-web-design\/","title":{"rendered":"Print &amp; web design de votre \u00e9v\u00e9nement"},"content":{"rendered":"<p><strong>We will organise for you and with you all or part of your next congress, conference or convention, your are the Project Owner, we are the Project Manager, your \u201ctailor-made\u201d service provide.<\/strong><\/p>\n\n\n\n<p class=\" translation-block\">Comprehensive organisation of a congress, a conference or a convention involves a strategic communications thinking process and production of a number of specific print and Website documents.<\/p>\n\n\n\n<p><strong>Designing such specific documents requires three skills:<\/strong><\/p>\n\n\n\n<ul class=\"wp-block-list\">\n<li>Being a professional organiser controlling the entire publishing chain for the relevant event and its technical and functional requirements;<\/li>\n\n\n\n<li>Being a communications strategy thinking and media buying expert;<\/li>\n\n\n\n<li>Being an art &amp; production agency, capable of producing with talent the event\u2019s visual identity and its print and Web applications.<\/li>\n\n\n\n<li>Being a web developper<\/li>\n<\/ul>\n\n\n\n<p>SPAT Group\u2019s PR expert teams control all stages from strategic thinking to artwork, to publishing of all printed matter and Website elements, and advertising communication of a congress, a conference or a convention.<br>Therefore, they will be you partner to carry out all or part of your project.<br>First, they will provide strategic communication thinking, market analysis, targeting, and if relevant, media planning and space buying (press, billposting, radio, TV).<\/p>\n\n\n\n<div style=\"height:50px\" aria-hidden=\"true\" class=\"wp-block-spacer\"><\/div>\n\n\n\n<h3 class=\"wp-block-heading\">Then our print teams provide the following<\/h3>\n\n\n\n<ul class=\"wp-block-list\">\n<li>Design of a strong, representative visual identity<\/li>\n\n\n\n<li>Design of a style and full applications of the visual ID and logos<\/li>\n\n\n\n<li>Teasers, ads and press ads<\/li>\n\n\n\n<li>Calls for contributions<\/li>\n\n\n\n<li>Also:\n<ul class=\"wp-block-list\">\n<li>Programmes, catalogues, exhibition guides, maps and visiting circuits<\/li>\n\n\n\n<li>Invitation cards, badges and access cards<\/li>\n\n\n\n<li>Posters and signage<\/li>\n\n\n\n<li>Registration forms and exhibitor contracts<\/li>\n\n\n\n<li>And so on...<\/li>\n<\/ul>\n<\/li>\n\n\n\n<li>Creation of the website and the various online registration forms, with back office access for the organiser and the scientific committee,<\/li>\n\n\n\n<li>Creation of management platforms and dedicated applications<\/li>\n<\/ul>\n\n\n\n<p>Our WEB will naturally adapt all such documents to the event\u2019s Website, including setting up of PHP bases for on-line registration and payment. Management of calls for contributions will also be on-line.<\/p>\n\n\n\n<p class=\" translation-block\">Further, the event\u2019s style will be repeated in the EVENT\u2019S SIGNAGE :<\/p>\n\n\n\n<ul class=\"wp-block-list\">\n<li>Entrance signs, welcoming panels, and directional signs<\/li>\n\n\n\n<li>Posters<\/li>\n\n\n\n<li>Signage inside and outside the hall<\/li>\n\n\n\n<li>Directional signage<\/li>\n\n\n\n<li>Programme and plans on display<\/li>\n\n\n\n<li>And so on...<\/li>\n<\/ul>\n\n\n\n<p class=\" translation-block\">Of course, the event\u2019s style will be applied to all specific items and displays produced as part of the event, in particular:<\/p>\n\n\n\n<ul class=\"wp-block-list\">\n<li>Satchels, bags, briefcases, and binders<\/li>\n\n\n\n<li>Promotional and sponsorship items<\/li>\n\n\n\n<li>Banners, drop banners, canvas covers, flags etc.<\/li>\n<\/ul>\n\n\n\n<p>Also, audiovisual resources will include management of all in-room presentations.<\/p>","protected":false},"excerpt":{"rendered":"<p>Nous organisons pour vous et avec vous tout ou partie de votre prochain salon, vous \u00eates le Ma\u00eetre d\u2019\u0153uvre, nous sommes les Ma\u00eetres d\u2019ouvrage, votre prestataire \u00ab&nbsp;sur mesure&nbsp;\u00bb. L\u2019organisation compl\u00e8te d\u2019un salon, d\u2019un congr\u00e8s, d\u2019une conf\u00e9rence ou d\u2019une convention, n\u00e9cessite une&nbsp;r\u00e9flexion strat\u00e9gique de communication&nbsp;ainsi que la cr\u00e9ation d\u2019un certain nombre de documents sp\u00e9cifiques, papier et [&hellip;]<\/p>\n","protected":false},"author":1,"featured_media":7047,"parent":0,"menu_order":0,"comment_status":"closed","ping_status":"closed","template":"","meta":{"_acf_changed":false,"footnotes":""},"class_list":["post-7468","page","type-page","status-publish","has-post-thumbnail","hentry"],"acf":[],"aioseo_notices":[],"_links":{"self":[{"href":"https:\/\/www.spat.fr\/en\/wp-json\/wp\/v2\/pages\/7468","targetHints":{"allow":["GET"]}}],"collection":[{"href":"https:\/\/www.spat.fr\/en\/wp-json\/wp\/v2\/pages"}],"about":[{"href":"https:\/\/www.spat.fr\/en\/wp-json\/wp\/v2\/types\/page"}],"author":[{"embeddable":true,"href":"https:\/\/www.spat.fr\/en\/wp-json\/wp\/v2\/users\/1"}],"replies":[{"embeddable":true,"href":"https:\/\/www.spat.fr\/en\/wp-json\/wp\/v2\/comments?post=7468"}],"version-history":[{"count":3,"href":"https:\/\/www.spat.fr\/en\/wp-json\/wp\/v2\/pages\/7468\/revisions"}],"predecessor-version":[{"id":7471,"href":"https:\/\/www.spat.fr\/en\/wp-json\/wp\/v2\/pages\/7468\/revisions\/7471"}],"wp:featuredmedia":[{"embeddable":true,"href":"https:\/\/www.spat.fr\/en\/wp-json\/wp\/v2\/media\/7047"}],"wp:attachment":[{"href":"https:\/\/www.spat.fr\/en\/wp-json\/wp\/v2\/media?parent=7468"}],"curies":[{"name":"wp","href":"https:\/\/api.w.org\/{rel}","templated":true}]}}